{"id":328663,"date":"2025-05-16T08:34:31","date_gmt":"2025-05-16T06:34:31","guid":{"rendered":"https:\/\/kposbusiness.com\/?post_type=product&#038;p=328663"},"modified":"2025-07-23T16:39:02","modified_gmt":"2025-07-23T14:39:02","slug":"visuel-social","status":"publish","type":"product","link":"https:\/\/kposbusiness.com\/index.php\/product\/visuel-social\/","title":{"rendered":"Visuel social"},"content":{"rendered":"<p data-start=\"236\" data-end=\"329\"><strong data-start=\"236\" data-end=\"295\">Besoin d\u2019un visuel percutant pour vos r\u00e9seaux sociaux ?<\/strong><br data-start=\"295\" data-end=\"298\" \/>Ce service est fait pour vous !<\/p>\n<p data-start=\"331\" data-end=\"600\">Nous cr\u00e9ons un <strong data-start=\"346\" data-end=\"373\">post 100 % personnalis\u00e9<\/strong>, pr\u00eat \u00e0 \u00eatre publi\u00e9 sur Instagram, Facebook ou tout autre r\u00e9seau social. Design attractif, message clair, respect de votre charte graphique : vous b\u00e9n\u00e9ficiez d\u2019un visuel professionnel pour capter l\u2019attention de votre audience.<\/p>\n<hr data-start=\"602\" data-end=\"605\" \/>\n<h3 data-start=\"607\" data-end=\"632\">\u2705 Ce qui est inclus :<\/h3>\n<ul data-start=\"633\" data-end=\"848\">\n<li data-start=\"633\" data-end=\"687\">\n<p data-start=\"635\" data-end=\"687\">1 visuel statique optimis\u00e9 pour Instagram \/ Facebook<\/p>\n<\/li>\n<li data-start=\"688\" data-end=\"745\">\n<p data-start=\"690\" data-end=\"745\">Design sur mesure selon votre activit\u00e9 et vos objectifs<\/p>\n<\/li>\n<li data-start=\"746\" data-end=\"800\">\n<p data-start=\"748\" data-end=\"800\">Int\u00e9gration de votre logo, couleurs, et typographies<\/p>\n<\/li>\n<li data-start=\"801\" data-end=\"848\">\n<p data-start=\"803\" data-end=\"848\">Livraison au format PNG ou JPEG haute qualit\u00e9<\/p>\n<\/li>\n<\/ul>\n<hr data-start=\"850\" data-end=\"853\" \/>\n<h3 data-start=\"855\" data-end=\"887\">\ud83d\udd27 En option (sur demande) :<\/h3>\n<ul data-start=\"888\" data-end=\"1022\">\n<li data-start=\"888\" data-end=\"926\">\n<p data-start=\"890\" data-end=\"926\">D\u00e9clinaison format story ou LinkedIn<\/p>\n<\/li>\n<li data-start=\"927\" data-end=\"963\">\n<p data-start=\"929\" data-end=\"963\">Cr\u00e9ation du texte d&rsquo;accompagnement<\/p>\n<\/li>\n<li data-start=\"964\" data-end=\"1022\">\n<p data-start=\"966\" data-end=\"1022\">Format carr\u00e9, portrait ou paysage selon votre plateforme<\/p>\n<\/li>\n<\/ul>\n","protected":false},"excerpt":{"rendered":"<p>Besoin d\u2019un visuel percutant pour vos r\u00e9seaux sociaux ?Ce service est fait pour vous ! Nous cr\u00e9ons un post 100 [&hellip;]<\/p>\n","protected":false},"featured_media":328207,"template":"","meta":{"content-type":"","site-sidebar-layout":"default","site-content-layout":"","ast-site-content-layout":"default","site-content-style":"default","site-sidebar-style":"default","ast-global-header-display":"","ast-banner-title-visibility":"","ast-main-header-display":"","ast-hfb-above-header-display":"","ast-hfb-below-header-display":"","ast-hfb-mobile-header-display":"","site-post-title":"","ast-breadcrumbs-content":"","ast-featured-img":"","footer-sml-layout":"","ast-disable-related-posts":"","theme-transparent-header-meta":"","adv-header-id-meta":"","stick-header-meta":"","header-above-stick-meta":"","header-main-stick-meta":"","header-below-stick-meta":"","astra-migrate-meta-layouts":"default","ast-page-background-enabled":"default","ast-page-background-meta":{"desktop":{"background-color":"var(--ast-global-color-5)","background-image":"","background-repeat":"repeat","background-position":"center center","background-size":"auto","background-attachment":"scroll","background-type":"","background-media":"","overlay-type":"","overlay-color":"","overlay-opacity":"","overlay-gradient":""},"tablet":{"background-color":"","background-image":"","background-repeat":"repeat","background-position":"center center","background-size":"auto","background-attachment":"scroll","background-type":"","background-media":"","overlay-type":"","overlay-color":"","overlay-opacity":"","overlay-gradient":""},"mobile":{"background-color":"","background-image":"","background-repeat":"repeat","background-position":"center center","background-size":"auto","background-attachment":"scroll","background-type":"","background-media":"","overlay-type":"","overlay-color":"","overlay-opacity":"","overlay-gradient":""}},"ast-content-background-meta":{"desktop":{"background-color":"var(--ast-global-color-4)","background-image":"","background-repeat":"repeat","background-position":"center center","background-size":"auto","background-attachment":"scroll","background-type":"","background-media":"","overlay-type":"","overlay-color":"","overlay-opacity":"","overlay-gradient":""},"tablet":{"background-color":"var(--ast-global-color-4)","background-image":"","background-repeat":"repeat","background-position":"center center","background-size":"auto","background-attachment":"scroll","background-type":"","background-media":"","overlay-type":"","overlay-color":"","overlay-opacity":"","overlay-gradient":""},"mobile":{"background-color":"var(--ast-global-color-4)","background-image":"","background-repeat":"repeat","background-position":"center center","background-size":"auto","background-attachment":"scroll","background-type":"","background-media":"","overlay-type":"","overlay-color":"","overlay-opacity":"","overlay-gradient":""}}},"product_brand":[],"product_cat":[66],"product_tag":[69],"class_list":{"0":"post-328663","1":"product","2":"type-product","3":"status-publish","4":"has-post-thumbnail","6":"product_cat-contenus-digitaux","7":"product_tag-contenus-digitaux","8":"desktop-align-left","9":"tablet-align-left","10":"mobile-align-left","12":"first","13":"instock","14":"virtual","15":"purchasable","16":"product-type-simple"},"_links":{"self":[{"href":"https:\/\/kposbusiness.com\/index.php\/wp-json\/wp\/v2\/product\/328663","targetHints":{"allow":["GET"]}}],"collection":[{"href":"https:\/\/kposbusiness.com\/index.php\/wp-json\/wp\/v2\/product"}],"about":[{"href":"https:\/\/kposbusiness.com\/index.php\/wp-json\/wp\/v2\/types\/product"}],"wp:featuredmedia":[{"embeddable":true,"href":"https:\/\/kposbusiness.com\/index.php\/wp-json\/wp\/v2\/media\/328207"}],"wp:attachment":[{"href":"https:\/\/kposbusiness.com\/index.php\/wp-json\/wp\/v2\/media?parent=328663"}],"wp:term":[{"taxonomy":"product_brand","embeddable":true,"href":"https:\/\/kposbusiness.com\/index.php\/wp-json\/wp\/v2\/product_brand?post=328663"},{"taxonomy":"product_cat","embeddable":true,"href":"https:\/\/kposbusiness.com\/index.php\/wp-json\/wp\/v2\/product_cat?post=328663"},{"taxonomy":"product_tag","embeddable":true,"href":"https:\/\/kposbusiness.com\/index.php\/wp-json\/wp\/v2\/product_tag?post=328663"}],"curies":[{"name":"wp","href":"https:\/\/api.w.org\/{rel}","templated":true}]}}