{"id":328662,"date":"2025-05-16T08:31:13","date_gmt":"2025-05-16T06:31:13","guid":{"rendered":"https:\/\/kposbusiness.com\/?post_type=product&#038;p=328662"},"modified":"2025-07-23T16:49:55","modified_gmt":"2025-07-23T14:49:55","slug":"site-basique","status":"publish","type":"product","link":"https:\/\/kposbusiness.com\/index.php\/product\/site-basique\/","title":{"rendered":"Site vitrine 3 pages"},"content":{"rendered":"<p data-start=\"199\" data-end=\"421\"><strong data-start=\"199\" data-end=\"279\">Offrez \u00e0 votre entreprise une pr\u00e9sence en ligne \u00e9l\u00e9gante et professionnelle.<\/strong><br data-start=\"279\" data-end=\"282\" \/>Ce pack complet vous permet de lancer un site vitrine moderne en toute simplicit\u00e9, adapt\u00e9 \u00e0 votre activit\u00e9 et pr\u00eat \u00e0 s\u00e9duire vos visiteurs.<\/p>\n<hr data-start=\"423\" data-end=\"426\" \/>\n<h3 data-start=\"428\" data-end=\"453\">\u2705 Ce qui est inclus :<\/h3>\n<ul data-start=\"454\" data-end=\"966\">\n<li data-start=\"454\" data-end=\"518\">\n<p data-start=\"456\" data-end=\"518\"><strong data-start=\"456\" data-end=\"471\">3 pages web<\/strong> (ex. : Accueil, \u00c0 propos, Contact ou Services)<\/p>\n<\/li>\n<li data-start=\"519\" data-end=\"582\">\n<p data-start=\"521\" data-end=\"582\"><strong data-start=\"521\" data-end=\"552\">1 concept design sur mesure<\/strong> selon votre identit\u00e9 visuelle<\/p>\n<\/li>\n<li data-start=\"583\" data-end=\"648\">\n<p data-start=\"585\" data-end=\"648\"><strong data-start=\"585\" data-end=\"610\">D\u00e9veloppement complet<\/strong> du site (structure + contenu int\u00e9gr\u00e9)<\/p>\n<\/li>\n<li data-start=\"649\" data-end=\"701\">\n<p data-start=\"651\" data-end=\"701\"><strong data-start=\"651\" data-end=\"672\">Design responsive<\/strong> compatible mobile &amp; tablette<\/p>\n<\/li>\n<li data-start=\"702\" data-end=\"751\">\n<p data-start=\"704\" data-end=\"751\"><strong data-start=\"704\" data-end=\"727\">Entre 10 \u00e0 15 jours<\/strong> de d\u00e9lai de r\u00e9alisation<\/p>\n<\/li>\n<li data-start=\"752\" data-end=\"810\">\n<p data-start=\"754\" data-end=\"810\"><strong data-start=\"754\" data-end=\"783\">Jusqu&rsquo;\u00e0 10 photos professionnelles<\/strong> issues de banques d\u2019images<\/p>\n<\/li>\n<li data-start=\"811\" data-end=\"862\">\n<p data-start=\"813\" data-end=\"862\"><b>Site web WordPress<\/b><\/p>\n<\/li>\n<li data-start=\"863\" data-end=\"901\">\n<p data-start=\"865\" data-end=\"901\"><strong data-start=\"865\" data-end=\"901\">1\u00e8re ann\u00e9e d\u2019h\u00e9bergement offerte\u00a0<\/strong><\/p>\n<\/li>\n<li data-start=\"902\" data-end=\"966\">\n<p data-start=\"904\" data-end=\"966\"><strong data-start=\"904\" data-end=\"935\">Remise du site clef en main<\/strong> : vous \u00eates pr\u00eat \u00e0 communiquer<\/p>\n<\/li>\n<\/ul>\n<hr data-start=\"968\" data-end=\"971\" \/>\n<h3 data-start=\"973\" data-end=\"992\">\ud83d\ude80 Id\u00e9al pour :<\/h3>\n<p data-start=\"993\" data-end=\"1125\">Entrepreneurs, ind\u00e9pendants, associations ou petites entreprises souhaitant une vitrine claire, moderne et efficace sans complexit\u00e9.<\/p>\n<p data-start=\"1127\" data-end=\"1214\"><strong data-start=\"1127\" data-end=\"1214\">Professionnel, rapide et accessible : le site web qu\u2019il vous faut pour vous lancer.<\/strong><\/p>\n","protected":false},"excerpt":{"rendered":"<p>Offrez \u00e0 votre entreprise une pr\u00e9sence en ligne \u00e9l\u00e9gante et professionnelle.Ce pack complet vous permet de lancer un site vitrine [&hellip;]<\/p>\n","protected":false},"featured_media":328206,"template":"","meta":{"content-type":"","site-sidebar-layout":"default","site-content-layout":"","ast-site-content-layout":"default","site-content-style":"default","site-sidebar-style":"default","ast-global-header-display":"","ast-banner-title-visibility":"","ast-main-header-display":"","ast-hfb-above-header-display":"","ast-hfb-below-header-display":"","ast-hfb-mobile-header-display":"","site-post-title":"","ast-breadcrumbs-content":"","ast-featured-img":"","footer-sml-layout":"","ast-disable-related-posts":"","theme-transparent-header-meta":"","adv-header-id-meta":"","stick-header-meta":"","header-above-stick-meta":"","header-main-stick-meta":"","header-below-stick-meta":"","astra-migrate-meta-layouts":"default","ast-page-background-enabled":"default","ast-page-background-meta":{"desktop":{"background-color":"var(--ast-global-color-5)","background-image":"","background-repeat":"repeat","background-position":"center center","background-size":"auto","background-attachment":"scroll","background-type":"","background-media":"","overlay-type":"","overlay-color":"","overlay-opacity":"","overlay-gradient":""},"tablet":{"background-color":"","background-image":"","background-repeat":"repeat","background-position":"center center","background-size":"auto","background-attachment":"scroll","background-type":"","background-media":"","overlay-type":"","overlay-color":"","overlay-opacity":"","overlay-gradient":""},"mobile":{"background-color":"","background-image":"","background-repeat":"repeat","background-position":"center center","background-size":"auto","background-attachment":"scroll","background-type":"","background-media":"","overlay-type":"","overlay-color":"","overlay-opacity":"","overlay-gradient":""}},"ast-content-background-meta":{"desktop":{"background-color":"var(--ast-global-color-4)","background-image":"","background-repeat":"repeat","background-position":"center center","background-size":"auto","background-attachment":"scroll","background-type":"","background-media":"","overlay-type":"","overlay-color":"","overlay-opacity":"","overlay-gradient":""},"tablet":{"background-color":"var(--ast-global-color-4)","background-image":"","background-repeat":"repeat","background-position":"center center","background-size":"auto","background-attachment":"scroll","background-type":"","background-media":"","overlay-type":"","overlay-color":"","overlay-opacity":"","overlay-gradient":""},"mobile":{"background-color":"var(--ast-global-color-4)","background-image":"","background-repeat":"repeat","background-position":"center center","background-size":"auto","background-attachment":"scroll","background-type":"","background-media":"","overlay-type":"","overlay-color":"","overlay-opacity":"","overlay-gradient":""}}},"product_brand":[],"product_cat":[66],"product_tag":[69],"class_list":{"0":"post-328662","1":"product","2":"type-product","3":"status-publish","4":"has-post-thumbnail","6":"product_cat-contenus-digitaux","7":"product_tag-contenus-digitaux","8":"desktop-align-left","9":"tablet-align-left","10":"mobile-align-left","12":"first","13":"instock","14":"virtual","15":"purchasable","16":"product-type-simple"},"_links":{"self":[{"href":"https:\/\/kposbusiness.com\/index.php\/wp-json\/wp\/v2\/product\/328662","targetHints":{"allow":["GET"]}}],"collection":[{"href":"https:\/\/kposbusiness.com\/index.php\/wp-json\/wp\/v2\/product"}],"about":[{"href":"https:\/\/kposbusiness.com\/index.php\/wp-json\/wp\/v2\/types\/product"}],"wp:featuredmedia":[{"embeddable":true,"href":"https:\/\/kposbusiness.com\/index.php\/wp-json\/wp\/v2\/media\/328206"}],"wp:attachment":[{"href":"https:\/\/kposbusiness.com\/index.php\/wp-json\/wp\/v2\/media?parent=328662"}],"wp:term":[{"taxonomy":"product_brand","embeddable":true,"href":"https:\/\/kposbusiness.com\/index.php\/wp-json\/wp\/v2\/product_brand?post=328662"},{"taxonomy":"product_cat","embeddable":true,"href":"https:\/\/kposbusiness.com\/index.php\/wp-json\/wp\/v2\/product_cat?post=328662"},{"taxonomy":"product_tag","embeddable":true,"href":"https:\/\/kposbusiness.com\/index.php\/wp-json\/wp\/v2\/product_tag?post=328662"}],"curies":[{"name":"wp","href":"https:\/\/api.w.org\/{rel}","templated":true}]}}