{"id":329171,"date":"2025-07-29T12:03:09","date_gmt":"2025-07-29T10:03:09","guid":{"rendered":"https:\/\/kposbusiness.com\/?page_id=329171"},"modified":"2025-08-04T04:39:15","modified_gmt":"2025-08-04T02:39:15","slug":"blog","status":"publish","type":"page","link":"https:\/\/kposbusiness.com\/index.php\/blog\/","title":{"rendered":"Blog"},"content":{"rendered":"\t\t<div data-elementor-type=\"wp-page\" data-elementor-id=\"329171\" class=\"elementor elementor-329171\">\n\t\t\t\t<div class=\"elementor-element elementor-element-ca7f001 e-flex e-con-boxed e-con e-parent\" data-id=\"ca7f001\" data-element_type=\"container\" data-e-type=\"container\" data-settings=\"{&quot;background_background&quot;:&quot;classic&quot;}\">\n\t\t\t\t\t<div class=\"e-con-inner\">\n\t\t\t\t<div class=\"elementor-element elementor-element-da6c9c5 elementor-widget elementor-widget-heading\" data-id=\"da6c9c5\" data-element_type=\"widget\" data-e-type=\"widget\" data-widget_type=\"heading.default\">\n\t\t\t\t<div class=\"elementor-widget-container\">\n\t\t\t\t\t<h2 class=\"elementor-heading-title elementor-size-default\">Blog<\/h2>\t\t\t\t<\/div>\n\t\t\t\t<\/div>\n\t\t\t\t<div class=\"elementor-element elementor-element-4ec168b meta-visibility-show title_position_default title_hover_border_default title-default img_hover_animation_default meta_position_default tpg-is-author-icon-show author-image-visibility-icon tpg-category-position-default readmore-btn-default-style grid-hover-overlay-type-always tpg-el-box-border-enable tpg-border-bottom-disable elementor-widget elementor-widget-tpg-grid-layout\" data-id=\"4ec168b\" data-element_type=\"widget\" data-e-type=\"widget\" data-widget_type=\"tpg-grid-layout.default\">\n\t\t\t\t<div class=\"elementor-widget-container\">\n\t\t\t\t\t\t\t<div class=\"rt-container-fluid rt-tpg-container tpg-el-main-wrapper clearfix grid-layout1-main \"\n\t\t\t id=\"rt-tpg-container-424668967\"\n\t\t\t data-layout=\"grid-layout1\"\n\t\t\t data-grid-style=\"tpg-full-height\"\n\t\t\t data-sc-id=\"elementor\"\n\t\t\t data-el-settings=''\n\t\t\t data-el-query=''\n\t\t\t data-el-path=''\n\t\t>\n\t\t\t\t\t\t<div class='tpg-header-wrapper '>\n\t\t\t\t\t\t\t<\/div>\n\n\t\t\t<div data-title=\"Loading ...\" class=\"rt-row rt-content-loader grid-layout1 grid-behaviour tpg-full-height grid_layout_wrapper\">\n\t\t\t\t<div class=\"rt-col-md-4 rt-col-sm-6 rt-col-xs-12 default rt-grid-item post-225033 post type-post status-publish format-standard has-post-thumbnail hentry category-nos-services tag-ants tag-passeport tag-permis-de-conduire tag-photographe tag-photos-didentites\"        data-id=\"225033\">\n    <div class=\"rt-holder tpg-post-holder \">\n        <div class=\"rt-detail rt-el-content-wrapper\">\n\t\t\t                <div class=\"rt-img-holder tpg-el-image-wrap has-thumbnail\">\n\t\t\t\t\t<a data-id=\"225033\" href=\"https:\/\/kposbusiness.com\/index.php\/2021\/12\/27\/vos-photos-didentites-agrees-ants-a-villeurbanne\/\" class=\"tpg-post-link\" target=\"_self\">                        <img fetchpriority=\"high\" decoding=\"async\" src=\"https:\/\/kposbusiness.com\/wp-content\/uploads\/2021\/12\/Photo-didentit\u00e9-768x543.jpg\"\n                             class=\"rt-img-responsive\"\n                             width=\"768\"\n                             height=\"543\"\n                             alt=\"Vos photos d&rsquo;identit\u00e9s agr\u00e9\u00e9s ANTS \u00e0 Villeurbanne\">\n\t\t\t\t\t\t\n\t\t\t\t\t\t\t\n\t\t<\/a>\n\t\t        <div class=\"overlay grid-hover-content\"><\/div>\n\t\t                <\/div>\n\t\t\t\n\t\t\t<div class=\"entry-title-wrapper\"><h3 class=\"entry-title\"><a data-id=\"225033\" href=\"https:\/\/kposbusiness.com\/index.php\/2021\/12\/27\/vos-photos-didentites-agrees-ants-a-villeurbanne\/\" class=\"tpg-post-link\" target=\"_self\">Vos photos d&rsquo;identit\u00e9s agr\u00e9\u00e9s ANTS \u00e0 Villeurbanne<\/a><\/h3><\/div>\n\t\t\t                <div class=\"post-meta-tags rt-el-post-meta\">\n\t\t\t\t\t            <span class='author '>\n\n\t\t\t\t<i class='flaticon-user '><\/i><span class='author-prefix'>By<\/span><a href=\"https:\/\/kposbusiness.com\/index.php\/author\/admin3991\/\">admin3991<\/a>\t\t\t<\/span>\n\t\t\t            <span class='date'>\n\t\t\t\t<i class='flaticon-calendar '><\/i>\t\t\t\t                    <a href=\"https:\/\/kposbusiness.com\/index.php\/2021\/12\/27\/\">\n\t\t\t\t\t27 d\u00e9cembre 2021\t\t\t\t<\/a>\n\t\t\t\t\t\t\t<\/span>\n\t\t\t            <span class='categories-links'>\n\t\t\t\t<i class='flaticon-folder '><\/i><a class=\"nos-services\" href=\"https:\/\/kposbusiness.com\/index.php\/category\/nos-services\/\">Nos services<\/a>\t\t\t<\/span>\n\t\t\t                <\/div>\n\t\t\t\n\n\t\t\t                <div class=\"tpg-excerpt tpg-el-excerpt\">\n\t\t\t\t\t                        <div class=\"tpg-excerpt-inner\">\n\t\t\t\t\t\t\tKPOS BUSINESS propose ses services de photo d&rsquo;identit\u00e9 ! Vous pourrez r\u00e9aliser vos photos pour passeport, pi\u00e8ce d&rsquo;identit\u00e9s, visas, permis...                        <\/div>\n\t\t\t\t\t\t\t\t\t\t                <\/div>\n\t\t\t\n\t\t\t        <div class=\"post-footer\">\n            <div class=\"post-footer\">\n                <div class=\"read-more\">\n\t\t\t\t\t<a data-id=\"225033\" href=\"https:\/\/kposbusiness.com\/index.php\/2021\/12\/27\/vos-photos-didentites-agrees-ants-a-villeurbanne\/\" class=\"tpg-post-link\" target=\"_self\">Read More<\/a>                <\/div>\n            <\/div>\n        <\/div>\n\t\t        <\/div>\n    <\/div>\n<\/div>\n<div class=\"rt-col-md-4 rt-col-sm-6 rt-col-xs-12 default rt-grid-item post-53000 post type-post status-publish format-standard has-post-thumbnail hentry category-stage tag-communication tag-entreprise tag-etudiant tag-experience-professionelle tag-kpos-business tag-stage tag-web-marketing\"        data-id=\"53000\">\n    <div class=\"rt-holder tpg-post-holder \">\n        <div class=\"rt-detail rt-el-content-wrapper\">\n\t\t\t                <div class=\"rt-img-holder tpg-el-image-wrap has-thumbnail\">\n\t\t\t\t\t<a data-id=\"53000\" href=\"https:\/\/kposbusiness.com\/index.php\/2021\/06\/21\/lexperience-stagiaire\/\" class=\"tpg-post-link\" target=\"_self\">                        <img decoding=\"async\" src=\"https:\/\/kposbusiness.com\/wp-content\/uploads\/2021\/06\/1200490360158339.TWsXpAMT7C4KXtvYvpxp_height640.png\"\n                             class=\"rt-img-responsive\"\n                             width=\"640\"\n                             height=\"427\"\n                             alt=\"L&rsquo;exp\u00e9rience stagiaire vu par Laura\">\n\t\t\t\t\t\t\n\t\t\t\t\t\t\t\n\t\t<\/a>\n\t\t        <div class=\"overlay grid-hover-content\"><\/div>\n\t\t                <\/div>\n\t\t\t\n\t\t\t<div class=\"entry-title-wrapper\"><h3 class=\"entry-title\"><a data-id=\"53000\" href=\"https:\/\/kposbusiness.com\/index.php\/2021\/06\/21\/lexperience-stagiaire\/\" class=\"tpg-post-link\" target=\"_self\">L&rsquo;exp\u00e9rience stagiaire vu par Laura<\/a><\/h3><\/div>\n\t\t\t                <div class=\"post-meta-tags rt-el-post-meta\">\n\t\t\t\t\t            <span class='author '>\n\n\t\t\t\t<i class='flaticon-user '><\/i><span class='author-prefix'>By<\/span><a href=\"https:\/\/kposbusiness.com\/index.php\/author\/laura\/\">Laura MIGUEL<\/a>\t\t\t<\/span>\n\t\t\t            <span class='date'>\n\t\t\t\t<i class='flaticon-calendar '><\/i>\t\t\t\t                    <a href=\"https:\/\/kposbusiness.com\/index.php\/2021\/06\/21\/\">\n\t\t\t\t\t21 juin 2021\t\t\t\t<\/a>\n\t\t\t\t\t\t\t<\/span>\n\t\t\t            <span class='categories-links'>\n\t\t\t\t<i class='flaticon-folder '><\/i><a class=\"stage\" href=\"https:\/\/kposbusiness.com\/index.php\/category\/stage\/\">Stage<\/a>\t\t\t<\/span>\n\t\t\t                <\/div>\n\t\t\t\n\n\t\t\t                <div class=\"tpg-excerpt tpg-el-excerpt\">\n\t\t\t\t\t                        <div class=\"tpg-excerpt-inner\">\n\t\t\t\t\t\t\tL\u2019exp\u00e9rience stagiaire en entreprise Avant tout un stage c\u2019est quoi ? C\u2019est une p\u00e9riode d\u2019activit\u00e9 professionnelle rentrant dans le cadre...                        <\/div>\n\t\t\t\t\t\t\t\t\t\t                <\/div>\n\t\t\t\n\t\t\t        <div class=\"post-footer\">\n            <div class=\"post-footer\">\n                <div class=\"read-more\">\n\t\t\t\t\t<a data-id=\"53000\" href=\"https:\/\/kposbusiness.com\/index.php\/2021\/06\/21\/lexperience-stagiaire\/\" class=\"tpg-post-link\" target=\"_self\">Read More<\/a>                <\/div>\n            <\/div>\n        <\/div>\n\t\t        <\/div>\n    <\/div>\n<\/div>\n<div class=\"rt-col-md-4 rt-col-sm-6 rt-col-xs-12 default rt-grid-item post-51740 post type-post status-publish format-standard has-post-thumbnail hentry category-informations-utiles tag-colis tag-communication tag-flyer tag-infographie tag-kpos-business tag-logo tag-point-relais tag-site-internet tag-video tag-web-marketing\"        data-id=\"51740\">\n    <div class=\"rt-holder tpg-post-holder \">\n        <div class=\"rt-detail rt-el-content-wrapper\">\n\t\t\t                <div class=\"rt-img-holder tpg-el-image-wrap has-thumbnail\">\n\t\t\t\t\t<a data-id=\"51740\" href=\"https:\/\/kposbusiness.com\/index.php\/2021\/06\/18\/lentreprise-fait-son-grand-retour\/\" class=\"tpg-post-link\" target=\"_self\">                        <img decoding=\"async\" src=\"https:\/\/kposbusiness.com\/wp-content\/uploads\/2021\/06\/blog_Ouverture-768x427.png\"\n                             class=\"rt-img-responsive\"\n                             width=\"768\"\n                             height=\"427\"\n                             alt=\"L&rsquo;entreprise fait son grand retour !\">\n\t\t\t\t\t\t\n\t\t\t\t\t\t\t\n\t\t<\/a>\n\t\t        <div class=\"overlay grid-hover-content\"><\/div>\n\t\t                <\/div>\n\t\t\t\n\t\t\t<div class=\"entry-title-wrapper\"><h3 class=\"entry-title\"><a data-id=\"51740\" href=\"https:\/\/kposbusiness.com\/index.php\/2021\/06\/18\/lentreprise-fait-son-grand-retour\/\" class=\"tpg-post-link\" target=\"_self\">L&rsquo;entreprise fait son grand retour !<\/a><\/h3><\/div>\n\t\t\t                <div class=\"post-meta-tags rt-el-post-meta\">\n\t\t\t\t\t            <span class='author '>\n\n\t\t\t\t<i class='flaticon-user '><\/i><span class='author-prefix'>By<\/span><a href=\"https:\/\/kposbusiness.com\/index.php\/author\/laura\/\">Laura MIGUEL<\/a>\t\t\t<\/span>\n\t\t\t            <span class='date'>\n\t\t\t\t<i class='flaticon-calendar '><\/i>\t\t\t\t                    <a href=\"https:\/\/kposbusiness.com\/index.php\/2021\/06\/18\/\">\n\t\t\t\t\t18 juin 2021\t\t\t\t<\/a>\n\t\t\t\t\t\t\t<\/span>\n\t\t\t            <span class='categories-links'>\n\t\t\t\t<i class='flaticon-folder '><\/i><a class=\"informations-utiles\" href=\"https:\/\/kposbusiness.com\/index.php\/category\/informations-utiles\/\">Informations Utiles<\/a>\t\t\t<\/span>\n\t\t\t                <\/div>\n\t\t\t\n\n\t\t\t                <div class=\"tpg-excerpt tpg-el-excerpt\">\n\t\t\t\t\t                        <div class=\"tpg-excerpt-inner\">\n\t\t\t\t\t\t\tL\u2019entreprise fait son grand retour ! &nbsp; L\u2019entreprise fait son grand retour \u00e0 Villeurbanne apr\u00e8s un an et demi d\u2019absence...                        <\/div>\n\t\t\t\t\t\t\t\t\t\t                <\/div>\n\t\t\t\n\t\t\t        <div class=\"post-footer\">\n            <div class=\"post-footer\">\n                <div class=\"read-more\">\n\t\t\t\t\t<a data-id=\"51740\" href=\"https:\/\/kposbusiness.com\/index.php\/2021\/06\/18\/lentreprise-fait-son-grand-retour\/\" class=\"tpg-post-link\" target=\"_self\">Read More<\/a>                <\/div>\n            <\/div>\n        <\/div>\n\t\t        <\/div>\n    <\/div>\n<\/div>\n\t\t\t<\/div>\n\t\t\t\n\t\t<\/div>\n\t\t\t\t\t\t<\/div>\n\t\t\t\t<\/div>\n\t\t\t\t\t<\/div>\n\t\t\t\t<\/div>\n\t\t\t\t<\/div>\n\t\t","protected":false},"excerpt":{"rendered":"<p>Blog Vos photos d&rsquo;identit\u00e9s agr\u00e9\u00e9s ANTS \u00e0 Villeurbanne Byadmin3991 27 d\u00e9cembre 2021 Nos services KPOS BUSINESS propose ses services de [&hellip;]<\/p>\n","protected":false},"author":3,"featured_media":0,"parent":0,"menu_order":0,"comment_status":"closed","ping_status":"closed","template":"elementor_header_footer","meta":{"content-type":"","site-sidebar-layout":"default","site-content-layout":"","ast-site-content-layout":"default","site-content-style":"default","site-sidebar-style":"default","ast-global-header-display":"","ast-banner-title-visibility":"","ast-main-header-display":"","ast-hfb-above-header-display":"","ast-hfb-below-header-display":"","ast-hfb-mobile-header-display":"","site-post-title":"","ast-breadcrumbs-content":"","ast-featured-img":"","footer-sml-layout":"","ast-disable-related-posts":"","theme-transparent-header-meta":"","adv-header-id-meta":"","stick-header-meta":"","header-above-stick-meta":"","header-main-stick-meta":"","header-below-stick-meta":"","astra-migrate-meta-layouts":"default","ast-page-background-enabled":"default","ast-page-background-meta":{"desktop":{"background-color":"var(--ast-global-color-5)","background-image":"","background-repeat":"repeat","background-position":"center center","background-size":"auto","background-attachment":"scroll","background-type":"","background-media":"","overlay-type":"","overlay-color":"","overlay-opacity":"","overlay-gradient":""},"tablet":{"background-color":"","background-image":"","background-repeat":"repeat","background-position":"center center","background-size":"auto","background-attachment":"scroll","background-type":"","background-media":"","overlay-type":"","overlay-color":"","overlay-opacity":"","overlay-gradient":""},"mobile":{"background-color":"","background-image":"","background-repeat":"repeat","background-position":"center center","background-size":"auto","background-attachment":"scroll","background-type":"","background-media":"","overlay-type":"","overlay-color":"","overlay-opacity":"","overlay-gradient":""}},"ast-content-background-meta":{"desktop":{"background-color":"var(--ast-global-color-4)","background-image":"","background-repeat":"repeat","background-position":"center center","background-size":"auto","background-attachment":"scroll","background-type":"","background-media":"","overlay-type":"","overlay-color":"","overlay-opacity":"","overlay-gradient":""},"tablet":{"background-color":"var(--ast-global-color-4)","background-image":"","background-repeat":"repeat","background-position":"center center","background-size":"auto","background-attachment":"scroll","background-type":"","background-media":"","overlay-type":"","overlay-color":"","overlay-opacity":"","overlay-gradient":""},"mobile":{"background-color":"var(--ast-global-color-4)","background-image":"","background-repeat":"repeat","background-position":"center center","background-size":"auto","background-attachment":"scroll","background-type":"","background-media":"","overlay-type":"","overlay-color":"","overlay-opacity":"","overlay-gradient":""}},"footnotes":""},"class_list":["post-329171","page","type-page","status-publish","hentry"],"rttpg_featured_image_url":null,"rttpg_author":{"display_name":"Dika4569","author_link":"https:\/\/kposbusiness.com\/index.php\/author\/dika4569\/"},"rttpg_comment":0,"rttpg_category":"","rttpg_excerpt":"Blog Vos photos d&rsquo;identit\u00e9s agr\u00e9\u00e9s ANTS \u00e0 Villeurbanne Byadmin3991 27 d\u00e9cembre 2021 Nos services KPOS BUSINESS propose ses services de [&hellip;]","_links":{"self":[{"href":"https:\/\/kposbusiness.com\/index.php\/wp-json\/wp\/v2\/pages\/329171","targetHints":{"allow":["GET"]}}],"collection":[{"href":"https:\/\/kposbusiness.com\/index.php\/wp-json\/wp\/v2\/pages"}],"about":[{"href":"https:\/\/kposbusiness.com\/index.php\/wp-json\/wp\/v2\/types\/page"}],"author":[{"embeddable":true,"href":"https:\/\/kposbusiness.com\/index.php\/wp-json\/wp\/v2\/users\/3"}],"replies":[{"embeddable":true,"href":"https:\/\/kposbusiness.com\/index.php\/wp-json\/wp\/v2\/comments?post=329171"}],"version-history":[{"count":16,"href":"https:\/\/kposbusiness.com\/index.php\/wp-json\/wp\/v2\/pages\/329171\/revisions"}],"predecessor-version":[{"id":329235,"href":"https:\/\/kposbusiness.com\/index.php\/wp-json\/wp\/v2\/pages\/329171\/revisions\/329235"}],"wp:attachment":[{"href":"https:\/\/kposbusiness.com\/index.php\/wp-json\/wp\/v2\/media?parent=329171"}],"curies":[{"name":"wp","href":"https:\/\/api.w.org\/{rel}","templated":true}]}}